{"id":2200,"date":"2022-02-11T10:55:19","date_gmt":"2022-02-11T10:55:19","guid":{"rendered":"https:\/\/rayoflightthemes.com\/wordpress-themes\/candidates-wordpress-theme\/?page_id=2200"},"modified":"2024-08-15T13:16:21","modified_gmt":"2024-08-15T11:16:21","slug":"about","status":"publish","type":"page","link":"https:\/\/www2.jurencakova.cz\/index.php\/about\/","title":{"rendered":"O mn\u011b"},"content":{"rendered":"\t\t<div data-elementor-type=\"wp-page\" data-elementor-id=\"2200\" class=\"elementor elementor-2200\">\n\t\t\t\t\t\t<section class=\"elementor-section elementor-top-section elementor-element elementor-element-d2d9567 elementor-section-content-middle elementor-section-boxed elementor-section-height-default elementor-section-height-default\" data-id=\"d2d9567\" data-element_type=\"section\">\n\t\t\t\t\t\t<div class=\"elementor-container elementor-column-gap-extended\">\n\t\t\t\t\t<div class=\"elementor-column elementor-col-50 elementor-top-column elementor-element elementor-element-c38ba83\" data-id=\"c38ba83\" data-element_type=\"column\">\n\t\t\t<div class=\"elementor-widget-wrap elementor-element-populated\">\n\t\t\t\t\t\t<div class=\"elementor-element elementor-element-2eec00a elementor-widget elementor-widget-image\" data-id=\"2eec00a\" data-element_type=\"widget\" data-widget_type=\"image.default\">\n\t\t\t\t<div class=\"elementor-widget-container\">\n\t\t\t\t\t\t\t\t\t\t\t\t\t\t\t<img fetchpriority=\"high\" decoding=\"async\" width=\"740\" height=\"1024\" src=\"https:\/\/www2.jurencakova.cz\/wp-content\/uploads\/2024\/08\/ing_jana_jurencakova_media6-Large-740x1024.jpeg\" class=\"attachment-large size-large wp-image-2581\" alt=\"\" srcset=\"https:\/\/www2.jurencakova.cz\/wp-content\/uploads\/2024\/08\/ing_jana_jurencakova_media6-Large-740x1024.jpeg 740w, https:\/\/www2.jurencakova.cz\/wp-content\/uploads\/2024\/08\/ing_jana_jurencakova_media6-Large-217x300.jpeg 217w, https:\/\/www2.jurencakova.cz\/wp-content\/uploads\/2024\/08\/ing_jana_jurencakova_media6-Large-768x1063.jpeg 768w, https:\/\/www2.jurencakova.cz\/wp-content\/uploads\/2024\/08\/ing_jana_jurencakova_media6-Large-470x650.jpeg 470w, https:\/\/www2.jurencakova.cz\/wp-content\/uploads\/2024\/08\/ing_jana_jurencakova_media6-Large-397x550.jpeg 397w, https:\/\/www2.jurencakova.cz\/wp-content\/uploads\/2024\/08\/ing_jana_jurencakova_media6-Large-289x400.jpeg 289w, https:\/\/www2.jurencakova.cz\/wp-content\/uploads\/2024\/08\/ing_jana_jurencakova_media6-Large-173x240.jpeg 173w, https:\/\/www2.jurencakova.cz\/wp-content\/uploads\/2024\/08\/ing_jana_jurencakova_media6-Large-145x200.jpeg 145w, https:\/\/www2.jurencakova.cz\/wp-content\/uploads\/2024\/08\/ing_jana_jurencakova_media6-Large-600x830.jpeg 600w, https:\/\/www2.jurencakova.cz\/wp-content\/uploads\/2024\/08\/ing_jana_jurencakova_media6-Large.jpeg 925w\" sizes=\"(max-width: 740px) 100vw, 740px\" \/>\t\t\t\t\t\t\t\t\t\t\t\t\t\t\t<\/div>\n\t\t\t\t<\/div>\n\t\t\t\t\t<\/div>\n\t\t<\/div>\n\t\t\t\t<div class=\"elementor-column elementor-col-50 elementor-top-column elementor-element elementor-element-3778352\" data-id=\"3778352\" data-element_type=\"column\">\n\t\t\t<div class=\"elementor-widget-wrap elementor-element-populated\">\n\t\t\t\t\t\t<div class=\"elementor-element elementor-element-d685ac9 elementor-widget elementor-widget-text-editor\" data-id=\"d685ac9\" data-element_type=\"widget\" data-widget_type=\"text-editor.default\">\n\t\t\t\t<div class=\"elementor-widget-container\">\n\t\t\t\t\t\t\t\t\t<h2><strong>\u017divotopis<br \/><\/strong><\/h2><p>Jsem zku\u0161en\u00fd profesion\u00e1l s rozs\u00e1hl\u00fdmi zku\u0161enostmi ve ve\u0159ejn\u00e9 spr\u00e1v\u011b a ekonomick\u00e9m poradenstv\u00ed, v\u010detn\u011b role sen\u00e1torky a \u010dlenky r\u016fzn\u00fdch odborn\u00fdch skupin. Vedla jsem n\u011bkolik organizac\u00ed a aktivn\u011b se pod\u00edlela na legislativn\u00edch zm\u011bn\u00e1ch v oblasti dan\u00ed a rozpo\u010dtu.<\/p><p>\u00a0<\/p><p>M\u00e1m vysoko\u0161kolsk\u00e9 vzd\u011bl\u00e1n\u00ed v ekonomii pr\u00e1ce, specializaci na oce\u0148ov\u00e1n\u00ed podnik\u016f a da\u0148ov\u00e9 poradenstv\u00ed. Absolvovala jsem pr\u00e1vn\u00ed a jazykov\u00e9 kurzy, v\u010detn\u011b hospod\u00e1\u0159sk\u00e9 n\u011bm\u010diny.<\/p>\t\t\t\t\t\t\t\t<\/div>\n\t\t\t\t<\/div>\n\t\t\t\t<div class=\"elementor-element elementor-element-b4d58fb elementor-widget elementor-widget-rtcandidates-videobutton\" data-id=\"b4d58fb\" data-element_type=\"widget\" data-widget_type=\"rtcandidates-videobutton.default\">\n\t\t\t\t<div class=\"elementor-widget-container\">\n\t\t\t\t\t\r\n  <div class=\"videobutton\">\r\n    <a href=\"\" class=\"yt-video\">\r\n      <i class=\"fas fa-play\"><\/i>   \r\n    <\/a>     \r\n  <\/div>           \r\n\t\t\t\t<\/div>\n\t\t\t\t<\/div>\n\t\t\t\t\t<\/div>\n\t\t<\/div>\n\t\t\t\t\t<\/div>\n\t\t<\/section>\n\t\t\t\t<section class=\"elementor-section elementor-top-section elementor-element elementor-element-4052b5d elementor-section-content-middle elementor-section-boxed elementor-section-height-default elementor-section-height-default\" data-id=\"4052b5d\" data-element_type=\"section\">\n\t\t\t\t\t\t<div class=\"elementor-container elementor-column-gap-extended\">\n\t\t\t\t\t<div class=\"elementor-column elementor-col-100 elementor-top-column elementor-element elementor-element-e706011\" data-id=\"e706011\" data-element_type=\"column\">\n\t\t\t<div class=\"elementor-widget-wrap elementor-element-populated\">\n\t\t\t\t\t\t<div class=\"elementor-element elementor-element-8ae1297 elementor-widget elementor-widget-text-editor\" data-id=\"8ae1297\" data-element_type=\"widget\" data-widget_type=\"text-editor.default\">\n\t\t\t\t<div class=\"elementor-widget-container\">\n\t\t\t\t\t\t\t\t\t<h2><span style=\"mso-fareast-font-family: 'Times New Roman';\">Pracovn\u00ed zku\u0161enosti<\/span><\/h2><ul><li class=\"MsoNormal\" style=\"mso-margin-top-alt: auto; mso-margin-bottom-alt: auto; mso-list: l1 level1 lfo1; tab-stops: list 36.0pt;\"><span style=\"mso-fareast-font-family: 'Times New Roman';\">od 02\/2024 <\/span><span style=\"mso-fareast-font-family: 'Times New Roman';\"> Spole\u010dn\u00edk a jednatel v rodinn\u00e9 firm\u011b &#8222;Da\u0148ov\u00e1 kancel\u00e1\u0159 Ju\u0159en\u010d\u00e1kov\u00e1 s. r. o.&#8220;<\/span><\/li><li class=\"MsoNormal\" style=\"mso-margin-top-alt: auto; mso-margin-bottom-alt: auto; mso-list: l1 level1 lfo1; tab-stops: list 36.0pt;\"><span style=\"mso-fareast-font-family: 'Times New Roman';\">04\/2013<\/span><span style=\"mso-fareast-font-family: 'Times New Roman';\"> &#8211; 04\/2015 <strong style=\"mso-bidi-font-weight: normal;\">P\u0159edsedkyn\u011b Sdru\u017een\u00ed m\u00edstn\u00edch samospr\u00e1v \u010cR <\/strong><br \/><\/span><\/li><li class=\"MsoNormal\" style=\"mso-margin-top-alt: auto; mso-margin-bottom-alt: auto; mso-list: l1 level1 lfo1; tab-stops: list 36.0pt;\"><span style=\"mso-fareast-font-family: 'Times New Roman';\">02 &#8211; 06\/2013 Poradkyn\u011b ministryn\u011b MPSV <\/span><\/li><li class=\"MsoNormal\" style=\"mso-margin-top-alt: auto; mso-margin-bottom-alt: auto; mso-list: l1 level1 lfo1; tab-stops: list 36.0pt;\"><span style=\"mso-fareast-font-family: 'Times New Roman';\">02 &#8211; 05\/2013 Pedagogick\u00fd pracovn\u00edk p\u0159edm\u011btu Dan\u011b na UTB Zl\u00edn <\/span><\/li><li class=\"MsoNormal\" style=\"mso-margin-top-alt: auto; mso-margin-bottom-alt: auto; mso-list: l1 level1 lfo1; tab-stops: list 36.0pt;\"><span style=\"mso-fareast-font-family: 'Times New Roman';\">2011 &#8211; 2012 1. m\u00edstop\u0159edsedkyn\u011b Spolku pro obnovu venkova \u010cR <\/span><\/li><li class=\"MsoNormal\" style=\"mso-margin-top-alt: auto; mso-margin-bottom-alt: auto; mso-list: l1 level1 lfo1; tab-stops: list 36.0pt;\"><span style=\"mso-fareast-font-family: 'Times New Roman';\">od roku 2011 \u010clenka expertn\u00ed skupiny pro zm\u011bnu z\u00e1kona o dani z p\u0159\u00edjm\u016f na MF\u010cR <\/span><\/li><li class=\"MsoNormal\" style=\"mso-margin-top-alt: auto; mso-margin-bottom-alt: auto; mso-list: l1 level1 lfo1; tab-stops: list 36.0pt;\"><span style=\"mso-fareast-font-family: 'Times New Roman';\">2010 &#8211; 2012\u00a0\u010clenka Dozor\u010d\u00ed rady Krajsk\u00e9 nemocnice Tom\u00e1\u0161e Bati a.s. ve Zl\u00edn\u011b<\/span><\/li><li class=\"MsoNormal\" style=\"mso-margin-top-alt: auto; mso-margin-bottom-alt: auto; mso-list: l1 level1 lfo1; tab-stops: list 36.0pt;\"><span style=\"mso-fareast-font-family: 'Times New Roman';\">2008 &#8211; 2012 \u010clenka pracovn\u00ed skupiny pro zm\u011bnu z\u00e1kona o rozpo\u010dtov\u00e9m ur\u010den\u00ed dan\u00ed <\/span><\/li><li class=\"MsoNormal\" style=\"mso-margin-top-alt: auto; mso-margin-bottom-alt: auto; mso-list: l1 level1 lfo1; tab-stops: list 36.0pt;\"><strong style=\"mso-bidi-font-weight: normal;\"><span style=\"mso-fareast-font-family: 'Times New Roman';\">2008 &#8211; 2012<\/span><\/strong><span style=\"mso-fareast-font-family: 'Times New Roman';\"> <strong style=\"mso-bidi-font-weight: normal;\">P\u0159edsedkyn\u011b<\/strong> <strong style=\"mso-bidi-font-weight: normal;\">St\u00e1l\u00e9 komise Sen\u00e1tu pro ochranu soukrom\u00ed <\/strong><\/span><\/li><li class=\"MsoNormal\" style=\"mso-margin-top-alt: auto; mso-margin-bottom-alt: auto; mso-list: l1 level1 lfo1; tab-stops: list 36.0pt;\"><span style=\"mso-fareast-font-family: 'Times New Roman';\">2008 &#8211; 2012 M\u00edstop\u0159edsedkyn\u011b St\u00e1l\u00e9 komise Sen\u00e1tu pro rozvoj venkova<\/span><\/li><li class=\"MsoNormal\" style=\"mso-margin-top-alt: auto; mso-margin-bottom-alt: auto; mso-list: l1 level1 lfo1; tab-stops: list 36.0pt;\"><span style=\"mso-fareast-font-family: 'Times New Roman';\">2006 &#8211; 2012 \u010clenka V\u00fdboru pro z\u00e1le\u017eitosti EU Sen\u00e1tu (finan\u010dn\u00ed z\u00e1le\u017eitosti, vlastn\u00ed zdroje, v\u00edcelet\u00fd finan\u010dn\u00ed r\u00e1mec, rozpo\u010det EU, hospod\u00e1\u0159sk\u00e1 a m\u011bnov\u00e1 politika, dan\u011b a sbli\u017eov\u00e1n\u00ed pr\u00e1vn\u00edch p\u0159edpis\u016f) <\/span><\/li><li class=\"MsoNormal\" style=\"mso-margin-top-alt: auto; mso-margin-bottom-alt: auto; mso-list: l1 level1 lfo1; tab-stops: list 36.0pt;\"><strong style=\"mso-bidi-font-weight: normal;\"><span style=\"mso-fareast-font-family: 'Times New Roman';\">2006 &#8211; 2012 <\/span><\/strong><span style=\"mso-fareast-font-family: 'Times New Roman';\"><strong style=\"mso-bidi-font-weight: normal;\">Sen\u00e1torka P\u010cR<\/strong> za volebn\u00ed obvod 80, politick\u00e9 hnut\u00ed \u201e<\/span><a href=\"http:\/\/www.starostove-nezavisli.cz\/\" target=\"_blank\" rel=\"noopener\"><span style=\"color: windowtext; text-decoration: none; text-underline: none;\">Nez\u00e1visl\u00ed starostov\u00e9 pro kraj<\/span><\/a><span style=\"mso-fareast-font-family: 'Times New Roman';\">&#8220; (\u201eNSK&#8220;) <\/span><\/li><li class=\"MsoNormal\" style=\"mso-margin-top-alt: auto; mso-margin-bottom-alt: auto; mso-list: l1 level1 lfo1; tab-stops: list 36.0pt;\"><span style=\"mso-fareast-font-family: 'Times New Roman';\">2004 &#8211; 2007 \u010clenka Finan\u010dn\u00edho v\u00fdboru Krajsk\u00e9ho zastupitelstva Zl\u00ednsk\u00e9ho kraje<\/span><\/li><li class=\"MsoNormal\" style=\"mso-margin-top-alt: auto; mso-margin-bottom-alt: auto; mso-list: l1 level1 lfo1; tab-stops: list 36.0pt;\"><span style=\"mso-fareast-font-family: 'Times New Roman';\">2000 &#8211; 2006 <strong style=\"mso-bidi-font-weight: normal;\">Neuvoln\u011bn\u00e1 starostka<\/strong> nov\u011b osamostatn\u011bn\u00e9 obce Rokytnice<\/span><\/li><li class=\"MsoNormal\" style=\"mso-margin-top-alt: auto; mso-margin-bottom-alt: auto; mso-list: l1 level1 lfo1; tab-stops: list 36.0pt;\"><span style=\"mso-fareast-font-family: 'Times New Roman';\">od\u00a0roku 1995 Spole\u010dn\u00edk a jednatel mal\u00e9 rodinn\u00e9 firmy Ekondek s.r.o.<\/span><\/li><li class=\"MsoNormal\" style=\"mso-margin-top-alt: auto; mso-margin-bottom-alt: auto; mso-list: l1 level1 lfo1; tab-stops: list 36.0pt;\"><strong style=\"mso-bidi-font-weight: normal;\"><span style=\"mso-fareast-font-family: 'Times New Roman';\">od\u00a0roku 1993<\/span><\/strong><span style=\"mso-fareast-font-family: 'Times New Roman';\"> <strong style=\"mso-bidi-font-weight: normal;\">Da\u0148ov\u00fd poradce, <\/strong>ev. \u010d\u00edslo 311<\/span><\/li><li class=\"MsoNormal\" style=\"mso-margin-top-alt: auto; mso-margin-bottom-alt: auto; mso-list: l1 level1 lfo1; tab-stops: list 36.0pt;\"><span style=\"mso-fareast-font-family: 'Times New Roman';\">od roku 1992 OSV\u010c v oboru ekonomick\u00e9 a organiza\u010dn\u00ed poradenstv\u00ed<\/span><\/li><li class=\"MsoNormal\" style=\"mso-margin-top-alt: auto; mso-margin-bottom-alt: auto; mso-list: l1 level1 lfo1; tab-stops: list 36.0pt;\"><span style=\"mso-fareast-font-family: 'Times New Roman';\">od roku 1991 \u017divnostensk\u00fd list, zpracov\u00e1van\u00ed \u00fa\u010detnictv\u00ed a mezd<\/span><\/li><li class=\"MsoNormal\" style=\"mso-margin-top-alt: auto; mso-margin-bottom-alt: auto; mso-list: l1 level1 lfo1; tab-stops: list 36.0pt;\"><span style=\"mso-fareast-font-family: 'Times New Roman';\">1990 &#8211; 1991 M\u011bstsk\u00fd n\u00e1rodn\u00ed v\u00fdbor ve Slavi\u010d\u00edn\u011b, Drobn\u00e1 provozovna, ekonom-\u00fa\u010detn\u00ed<\/span><\/li><li class=\"MsoNormal\" style=\"mso-margin-top-alt: auto; mso-margin-bottom-alt: auto; mso-list: l1 level1 lfo1; tab-stops: list 36.0pt;\"><span style=\"mso-fareast-font-family: 'Times New Roman';\">1985 &#8211; 1990 M\u011bstsk\u00fd n\u00e1rodn\u00ed v\u00fdbor ve Slavi\u010d\u00edn\u011b, samostatn\u00fd referent na odboru v\u00fdstavby<\/span><\/li><li class=\"MsoNormal\" style=\"mso-margin-top-alt: auto; mso-margin-bottom-alt: auto; mso-list: l1 level1 lfo1; tab-stops: list 36.0pt;\"><span style=\"mso-fareast-font-family: 'Times New Roman';\">1981 &#8211; 1985 M\u011bstsk\u00fd n\u00e1rodn\u00ed v\u00fdbor ve Slavi\u010d\u00edn\u011b, samostatn\u00fd referent na spr\u00e1vn\u00edm odboru, mate\u0159sk\u00e1 dovolen\u00e1<\/span><\/li><\/ul><div><br \/><h2><span style=\"mso-fareast-font-family: 'Times New Roman';\">Vzd\u011bl\u00e1n\u00ed, kvalifikace a Kurzy<\/span><\/h2><ul><li class=\"MsoNormal\" style=\"mso-margin-top-alt: auto; mso-margin-bottom-alt: auto; mso-list: l2 level1 lfo2; tab-stops: list 36.0pt;\"><span style=\"mso-fareast-font-family: 'Times New Roman';\">2002 &#8211; 2003 Masarykova univerzita v\u00a0Brn\u011b, <em>kurz pr\u00e1va pro da\u0148ov\u00e9 poradce<\/em><\/span><\/li><li class=\"MsoNormal\" style=\"mso-margin-top-alt: auto; mso-margin-bottom-alt: auto; mso-list: l2 level1 lfo2; tab-stops: list 36.0pt;\"><span style=\"mso-fareast-font-family: 'Times New Roman';\">2000 &#8211; 2002 \u00dastav soudn\u00edho in\u017een\u00fdrstv\u00ed VUT v Brn\u011b &#8211;\u00a0d\u00e1lkov\u00e9 specializa\u010dn\u00ed studium &#8222;<em>Oce\u0148ov\u00e1n\u00ed podnik\u016f<\/em>&#8220; <br \/><\/span><\/li><li class=\"MsoNormal\" style=\"mso-margin-top-alt: auto; mso-margin-bottom-alt: auto; mso-list: l2 level1 lfo2; tab-stops: list 36.0pt;\"><span style=\"mso-fareast-font-family: 'Times New Roman';\">1999 &#8211; 2001 Komora da\u0148ov\u00fdch poradc\u016f, <em>kurzy na \u00da\u010detn\u00edho a da\u0148ov\u00e9ho experta<\/em><\/span><\/li><li class=\"MsoNormal\" style=\"mso-margin-top-alt: auto; mso-margin-bottom-alt: auto; mso-list: l2 level1 lfo2; tab-stops: list 36.0pt;\"><span style=\"mso-fareast-font-family: 'Times New Roman';\">1995 &#8211; Kurz hospod\u00e1\u0159sk\u00e9 n\u011bm\u010diny v\u00a0SRN <\/span><\/li><li class=\"MsoNormal\" style=\"mso-margin-top-alt: auto; mso-margin-bottom-alt: auto; mso-list: l2 level1 lfo2; tab-stops: list 36.0pt;\"><span style=\"mso-fareast-font-family: 'Times New Roman';\">1994 &#8211; 1996 \u00dastav jazykov\u00e9 a odborn\u00e9 p\u0159\u00edpravy Univerzity Karlovy v\u00a0Pod\u011bbradech, d\u00e1lkov\u00e9 studium <br \/>n\u011bmeck\u00e9ho jazyka<\/span><\/li><\/ul><ul><li class=\"MsoNormal\" style=\"mso-margin-top-alt: auto; mso-margin-bottom-alt: auto; mso-list: l2 level1 lfo2; tab-stops: list 36.0pt;\"><span style=\"mso-fareast-font-family: 'Times New Roman';\">1993 &#8211; Komora da\u0148ov\u00fdch poradc\u016f, kvalifika\u010dn\u00ed zkou\u0161ka na da\u0148ov\u00e9ho poradce<\/span><\/li><li class=\"MsoNormal\" style=\"mso-margin-top-alt: auto; mso-margin-bottom-alt: auto; mso-list: l2 level1 lfo2; tab-stops: list 36.0pt;\"><span style=\"mso-fareast-font-family: 'Times New Roman';\">1987 &#8211; 1992 V\u0160E Praha, Fakulta v\u00fdrobn\u011b ekonomick\u00e1, obor <em>Ekonomika pr\u00e1ce<\/em>, titul In\u017een\u00fdr, d\u00e1lkov\u00e9 studium<\/span><\/li><li class=\"MsoNormal\" style=\"mso-margin-top-alt: auto; mso-margin-bottom-alt: auto; mso-list: l2 level1 lfo2; tab-stops: list 36.0pt;\"><span style=\"mso-fareast-font-family: 'Times New Roman';\">1977 &#8211; 1981 St\u0159edn\u00ed zem\u011bd\u011blsk\u00e1 technick\u00e1 \u0161kola Bu\u010dovice, obor <em>Ekonomika zem\u011bd\u011blstv\u00ed <\/em><\/span><\/li><\/ul><h2><span style=\"mso-fareast-font-family: 'Times New Roman';\">Zku\u0161enosti a dovednosti<\/span><\/h2><ul><li class=\"MsoNormal\" style=\"mso-margin-top-alt: auto; mso-margin-bottom-alt: auto; mso-list: l0 level1 lfo3; tab-stops: list 36.0pt;\"><span style=\"mso-fareast-font-family: 'Times New Roman';\">St\u00e1tn\u00ed zkou\u0161ka z\u00a0kancel\u00e1\u0159sk\u00e9ho psan\u00ed strojem<\/span><\/li><li class=\"MsoNormal\" style=\"mso-margin-top-alt: auto; mso-margin-bottom-alt: auto; mso-list: l0 level1 lfo3; tab-stops: list 36.0pt;\"><span style=\"mso-fareast-font-family: 'Times New Roman';\">Pr\u00e1ce na PC &#8211; kancel\u00e1\u0159sk\u00e9 aplikace, \u00fa\u010detn\u00ed, da\u0148ov\u00fd a pr\u00e1vn\u00ed software, internet<\/span><\/li><li class=\"MsoNormal\" style=\"mso-margin-top-alt: auto; mso-margin-bottom-alt: auto; mso-list: l0 level1 lfo3; tab-stops: list 36.0pt;\"><span style=\"mso-fareast-font-family: 'Times New Roman';\">\u0158idi\u010dsk\u00fd pr\u016fkaz skupiny A a B<\/span><\/li><\/ul><h2><span style=\"mso-fareast-font-family: 'Times New Roman';\">Jazyky<\/span><\/h2><ul><li class=\"MsoNormal\" style=\"mso-margin-top-alt: auto; mso-margin-bottom-alt: auto; mso-list: l0 level1 lfo3; tab-stops: list 36.0pt;\"><span style=\"mso-fareast-font-family: 'Times New Roman';\">N\u011bm\u010dina (pokro\u010dil\u00fd)<\/span><\/li><li class=\"MsoNormal\" style=\"mso-margin-top-alt: auto; mso-margin-bottom-alt: auto; mso-list: l0 level1 lfo3; tab-stops: list 36.0pt;\"><span style=\"mso-fareast-font-family: 'Times New Roman';\">Ru\u0161tina (m\u00edrn\u011b pokro\u010dil\u00fd)<\/span><\/li><li class=\"MsoNormal\" style=\"mso-margin-top-alt: auto; mso-margin-bottom-alt: auto; mso-list: l0 level1 lfo3; tab-stops: list 36.0pt;\"><span style=\"mso-fareast-font-family: 'Times New Roman';\">Angli\u010dtina (za\u010d\u00e1te\u010dn\u00edk)<\/span><\/li><\/ul><h2><span style=\"mso-fareast-font-family: 'Times New Roman';\">Z\u00e1jmy a z\u00e1liby<\/span><\/h2><p style=\"text-indent: 35.4pt;\">\u010cetba, p\u0159\u00edroda, fotografov\u00e1n\u00ed p\u0159\u00edrody, j\u00edzda na kole, j\u00edzda vlakem, rodina<\/p><\/div>\t\t\t\t\t\t\t\t<\/div>\n\t\t\t\t<\/div>\n\t\t\t\t\t<\/div>\n\t\t<\/div>\n\t\t\t\t\t<\/div>\n\t\t<\/section>\n\t\t\t\t<section class=\"elementor-section elementor-top-section elementor-element elementor-element-a81c241 elementor-section-boxed elementor-section-height-default elementor-section-height-default\" data-id=\"a81c241\" data-element_type=\"section\" data-settings=\"{&quot;background_background&quot;:&quot;classic&quot;}\">\n\t\t\t\t\t\t<div class=\"elementor-container elementor-column-gap-extended\">\n\t\t\t\t\t<div class=\"elementor-column elementor-col-100 elementor-top-column elementor-element elementor-element-28c34b4\" data-id=\"28c34b4\" data-element_type=\"column\" data-settings=\"{&quot;background_background&quot;:&quot;classic&quot;}\">\n\t\t\t<div class=\"elementor-widget-wrap elementor-element-populated\">\n\t\t\t\t\t\t<div class=\"elementor-element elementor-element-45f4ba6 elementor-widget elementor-widget-text-editor\" data-id=\"45f4ba6\" data-element_type=\"widget\" data-widget_type=\"text-editor.default\">\n\t\t\t\t<div class=\"elementor-widget-container\">\n\t\t\t\t\t\t\t\t\t<h2 style=\"text-align: center;\"><span style=\"color: #ffffff;\">TRANSPARENTN\u00cd \u00da\u010cET<br \/><\/span><\/h2>\t\t\t\t\t\t\t\t<\/div>\n\t\t\t\t<\/div>\n\t\t\t\t<div class=\"elementor-element elementor-element-6206de7 elementor-widget elementor-widget-rtcandidates-button\" data-id=\"6206de7\" data-element_type=\"widget\" data-widget_type=\"rtcandidates-button.default\">\n\t\t\t\t<div class=\"elementor-widget-container\">\n\t\t\t\t\t\r\n  <div class=\"text-center\">\r\n    <a href=\"https:\/\/ib.fio.cz\/ib\/transparent?a=2402920263\" class=\"button1 firstcolor \" target=\"_blank\">ZDE<\/a>\r\n  <\/div> \r\n\t\t\t\t<\/div>\n\t\t\t\t<\/div>\n\t\t\t\t\t<\/div>\n\t\t<\/div>\n\t\t\t\t\t<\/div>\n\t\t<\/section>\n\t\t\t\t<\/div>\n\t\t","protected":false},"excerpt":{"rendered":"<p>\u017divotopis Jsem zku\u0161en\u00fd profesion\u00e1l s rozs\u00e1hl\u00fdmi zku\u0161enostmi ve ve\u0159ejn\u00e9 spr\u00e1v\u011b a ekonomick\u00e9m poradenstv\u00ed, v\u010detn\u011b role sen\u00e1torky a \u010dlenky r\u016fzn\u00fdch odborn\u00fdch skupin. Vedla jsem n\u011bkolik organizac\u00ed a aktivn\u011b se pod\u00edlela na [&hellip;]<\/p>\n","protected":false},"author":1,"featured_media":0,"parent":0,"menu_order":0,"comment_status":"closed","ping_status":"closed","template":"page-templates\/page-wide-headline-2.php","meta":{"footnotes":""},"class_list":["post-2200","page","type-page","status-publish","hentry"],"_links":{"self":[{"href":"https:\/\/www2.jurencakova.cz\/index.php\/wp-json\/wp\/v2\/pages\/2200","targetHints":{"allow":["GET"]}}],"collection":[{"href":"https:\/\/www2.jurencakova.cz\/index.php\/wp-json\/wp\/v2\/pages"}],"about":[{"href":"https:\/\/www2.jurencakova.cz\/index.php\/wp-json\/wp\/v2\/types\/page"}],"author":[{"embeddable":true,"href":"https:\/\/www2.jurencakova.cz\/index.php\/wp-json\/wp\/v2\/users\/1"}],"replies":[{"embeddable":true,"href":"https:\/\/www2.jurencakova.cz\/index.php\/wp-json\/wp\/v2\/comments?post=2200"}],"version-history":[{"count":13,"href":"https:\/\/www2.jurencakova.cz\/index.php\/wp-json\/wp\/v2\/pages\/2200\/revisions"}],"predecessor-version":[{"id":2720,"href":"https:\/\/www2.jurencakova.cz\/index.php\/wp-json\/wp\/v2\/pages\/2200\/revisions\/2720"}],"wp:attachment":[{"href":"https:\/\/www2.jurencakova.cz\/index.php\/wp-json\/wp\/v2\/media?parent=2200"}],"curies":[{"name":"wp","href":"https:\/\/api.w.org\/{rel}","templated":true}]}}